{"id":101,"date":"2024-06-12T10:21:36","date_gmt":"2024-06-12T08:21:36","guid":{"rendered":"https:\/\/schrauben-locker.de\/?page_id=101"},"modified":"2024-09-19T12:31:28","modified_gmt":"2024-09-19T10:31:28","slug":"wir-ueber-uns","status":"publish","type":"page","link":"https:\/\/schrauben-locker.de\/?page_id=101","title":{"rendered":"wir \u00fcber uns"},"content":{"rendered":"<h5 style=\"text-align: left;\"><span class=\"highlight-font-family\"><img loading=\"lazy\" decoding=\"async\" class=\"alignnone wp-image-184\" src=\"https:\/\/schrauben-locker.de\/wp-content\/uploads\/2024\/06\/Logo-Homepage2-300x74.jpg\" alt=\"\" width=\"580\" height=\"143\" srcset=\"https:\/\/schrauben-locker.de\/wp-content\/uploads\/2024\/06\/Logo-Homepage2-300x74.jpg 300w, https:\/\/schrauben-locker.de\/wp-content\/uploads\/2024\/06\/Logo-Homepage2-1024x254.jpg 1024w, https:\/\/schrauben-locker.de\/wp-content\/uploads\/2024\/06\/Logo-Homepage2-768x191.jpg 768w, https:\/\/schrauben-locker.de\/wp-content\/uploads\/2024\/06\/Logo-Homepage2-1536x381.jpg 1536w, https:\/\/schrauben-locker.de\/wp-content\/uploads\/2024\/06\/Logo-Homepage2-2048x508.jpg 2048w\" sizes=\"auto, (max-width: 580px) 100vw, 580px\" \/><\/span><\/h5>\n<h5>Wir sind: ein junges flexibles Team mit dem Traumstandort Hattingen.<\/h5>\n<h5 style=\"text-align: left;\">PV Solar Aluschienen, entsprechende Verbinder und Schrauben. Damit kannst du deine PV Solar Anlage selber aufbauen.<\/h5>\n<h5 style=\"text-align: left;\">Gro\u00dfes Sortiment an Zinklamellen Schrauben und Muttern.\u00a0 Hochfest Klasse 10.9<\/h5>\n<h5 style=\"text-align: left;\">Wir k\u00f6nnen alle g\u00e4ngigen Verbindungselemente nach DIN oder ISO anbieten.<\/h5>\n<h5 style=\"text-align: left;\">Versand europaweit oder pers\u00f6nliche Abholung vor Ort. Siehe oben Rubrik &gt;EBAY SHOP&lt;.<\/h5>\n<h5 style=\"text-align: left;\">Du hast keine Lust auf eBay ? Und ben\u00f6tigst\u00a0 die jeweiligen Artikel g\u00fcnstiger?<\/h5>\n<h5 style=\"text-align: left;\">Wir freuen uns auf deine schriftliche Anfrage :\u00a0 \u00a0 \u00a0 \u00a0 \u00a0 \u00a0 \u00a0 \u00a0 INFO@SCHRAUBEN-LOCKER.de<\/h5>\n<h5 style=\"text-align: left;\">Alle Artikel ab einem St\u00fcck. Schnelle Lieferzeiten, t\u00e4glicher Versand.<\/h5>\n<p><img loading=\"lazy\" decoding=\"async\" class=\"alignnone wp-image-286\" src=\"https:\/\/schrauben-locker.de\/wp-content\/uploads\/2024\/09\/Solar-1-300x76.jpg\" alt=\"\" width=\"841\" height=\"213\" srcset=\"https:\/\/schrauben-locker.de\/wp-content\/uploads\/2024\/09\/Solar-1-300x76.jpg 300w, https:\/\/schrauben-locker.de\/wp-content\/uploads\/2024\/09\/Solar-1-1024x260.jpg 1024w, https:\/\/schrauben-locker.de\/wp-content\/uploads\/2024\/09\/Solar-1-768x195.jpg 768w, https:\/\/schrauben-locker.de\/wp-content\/uploads\/2024\/09\/Solar-1.jpg 1295w\" sizes=\"auto, (max-width: 841px) 100vw, 841px\" \/><\/p>\n<h5 style=\"text-align: left;\">PS: Wir haben im Februar 2024 angefangen. Daher sind wir mit unsere Internetpr\u00e4sentation noch lange nicht fertig&#8230;. daher hier ganz klar!<\/h5>\n<h1>SEITE BEFINDET SICH NOCH IM AUFBAU &#8230;<\/h1>\n<p>&nbsp;<\/p>\n","protected":false},"excerpt":{"rendered":"<p>Wir sind: ein junges flexibles Team mit dem Traumstandort Hattingen. PV Solar Aluschienen, entsprechende Verbinder und Schrauben. Damit kannst du deine PV Solar Anlage selber aufbauen. Gro\u00dfes Sortiment an Zinklamellen Schrauben und Muttern.\u00a0 Hochfest Klasse 10.9 Wir k\u00f6nnen alle g\u00e4ngigen Verbindungselemente nach DIN oder ISO anbieten. Versand europaweit oder pers\u00f6nliche Abholung vor Ort. Siehe oben Rubrik &gt;EBAY SHOP&lt;. Du hast keine Lust auf eBay ? Und ben\u00f6tigst\u00a0 die jeweiligen Artikel g\u00fcnstiger? Wir freuen uns auf deine schriftliche Anfrage :\u00a0 \u00a0 \u00a0 \u00a0 \u00a0 \u00a0 \u00a0 \u00a0 INFO@SCHRAUBEN-LOCKER.de Alle Artikel ab einem St\u00fcck. Schnelle Lieferzeiten, t\u00e4glicher Versand. PS: Wir haben im&hellip;<\/p>\n","protected":false},"author":2,"featured_media":0,"parent":0,"menu_order":0,"comment_status":"closed","ping_status":"closed","template":"","meta":{"_acf_changed":false,"footnotes":""},"class_list":["post-101","page","type-page","status-publish","hentry"],"acf":[],"_links":{"self":[{"href":"https:\/\/schrauben-locker.de\/index.php?rest_route=\/wp\/v2\/pages\/101","targetHints":{"allow":["GET"]}}],"collection":[{"href":"https:\/\/schrauben-locker.de\/index.php?rest_route=\/wp\/v2\/pages"}],"about":[{"href":"https:\/\/schrauben-locker.de\/index.php?rest_route=\/wp\/v2\/types\/page"}],"author":[{"embeddable":true,"href":"https:\/\/schrauben-locker.de\/index.php?rest_route=\/wp\/v2\/users\/2"}],"replies":[{"embeddable":true,"href":"https:\/\/schrauben-locker.de\/index.php?rest_route=%2Fwp%2Fv2%2Fcomments&post=101"}],"version-history":[{"count":20,"href":"https:\/\/schrauben-locker.de\/index.php?rest_route=\/wp\/v2\/pages\/101\/revisions"}],"predecessor-version":[{"id":329,"href":"https:\/\/schrauben-locker.de\/index.php?rest_route=\/wp\/v2\/pages\/101\/revisions\/329"}],"wp:attachment":[{"href":"https:\/\/schrauben-locker.de\/index.php?rest_route=%2Fwp%2Fv2%2Fmedia&parent=101"}],"curies":[{"name":"wp","href":"https:\/\/api.w.org\/{rel}","templated":true}]}}