{"id":13,"date":"2024-03-03T16:36:02","date_gmt":"2024-03-03T15:36:02","guid":{"rendered":"https:\/\/schrauben-locker.de\/?page_id=13"},"modified":"2024-10-10T07:38:47","modified_gmt":"2024-10-10T05:38:47","slug":"widerruf","status":"publish","type":"page","link":"https:\/\/schrauben-locker.de\/?page_id=13","title":{"rendered":"Widerrufsrecht"},"content":{"rendered":"<h1>Widerrufsrecht<\/h1>\n<h5>(1) Verbraucher haben bei Abschluss eines Fernabsatzgesch\u00e4fts grunds\u00e4tzlich ein gesetzliches<\/h5>\n<h5>Widerrufsrecht, \u00fcber das der Anbieter nach Ma\u00dfgabe des gesetzlichen Musters nachfolgend<\/h5>\n<h5>informiert. Die Ausnahmen vom Widerrufsrecht sind in Absatz (2) geregelt. In Absatz (3) findet sich ein<\/h5>\n<h5>Muster-Widerrufsformular.<\/h5>\n<h5><em>Widerrufsbelehrung<\/em><\/h5>\n<h5>Widerrufsrecht<\/h5>\n<h5>Sie haben das Recht, binnen vierzehn Tagen ohne Angaben von Gr\u00fcnden diesen Vertrag zu<\/h5>\n<h5>widerrufen.<\/h5>\n<h5>Die Widerrufsfrist betr\u00e4gt vierzehn Tage ab dem Tag, an dem Sie oder ein von Ihnen benannter<\/h5>\n<h5>Dritter, der nicht Bef\u00f6rderer ist, die Waren in Besitz genommen haben bzw. hat.<\/h5>\n<h5>Um Ihr Widerrufsrecht auszu\u00fcben, m\u00fcssen Sie uns schrauben-locker, Inhaber Schotte Automotive Engineering GmbH, Im Sch\u00f6nen Winkel 4a, 47506 Neukirchen-Vluyn mittels einer eindeutigen Erkl\u00e4rung (z.B. ein mit der Post<\/h5>\n<h5>versandter Brief, Telefax oder E-Mail) \u00fcber Ihren Entschluss, diesen Vertrag zu widerrufen,<\/h5>\n<h5>informieren. Sie k\u00f6nnen daf\u00fcr das beigef\u00fcgte Muster-Widerrufsformular verwenden, das jedoch<\/h5>\n<h5>nicht vorgeschrieben ist.<\/h5>\n<h5>Zur Wahrung der Widerrufsfrist reicht es aus, dass Sie die Mitteilung \u00fcber die Aus\u00fcbung des<\/h5>\n<h5>Widerrufsrechts vor Ablauf der Widerrufsfrist absenden.<\/h5>\n<h5>Folgen des Widerrufs<\/h5>\n<h5>Wenn Sie diesen Vertrag widerrufen, haben wir Ihnen alle Zahlungen, die wir von Ihnen erhalten<\/h5>\n<h5>haben, einschlie\u00dflich der Lieferkosten (mit Ausnahme der zus\u00e4tzlichen Kosten, die sich daraus<\/h5>\n<h5>ergeben, dass Sie eine andere Art der Lieferung als die von uns angebotene, g\u00fcnstige<\/h5>\n<h5>Standardlieferung gew\u00e4hlt haben), unverz\u00fcglich und sp\u00e4testens binnen vierzehn Tagen ab dem Tag<\/h5>\n<h5>zur\u00fcckzuzahlen, an dem die Mitteilung \u00fcber Ihren Widerruf dieses Vertrages bei uns eingegangen<\/h5>\n<h5>ist. F\u00fcr diese R\u00fcckzahlung verwenden wir dasselbe Zahlungsmittel, das Sie bei der urspr\u00fcnglichen<\/h5>\n<h5>Transaktion eingesetzt haben, es sei denn, mit Ihnen wurde ausdr\u00fccklich etwas anderes vereinbart;<\/h5>\n<h5>in keinem Fall werden Ihnen wegen dieser R\u00fcckzahlung Entgelte berechnet.<\/h5>\n<h5>Wir k\u00f6nnen die R\u00fcckzahlung verweigern, bis wir die Ware wieder zur\u00fcckerhalten haben oder bis Sie<\/h5>\n<h5>den Nachweis erbracht haben, dass Sie die Waren zur\u00fcckgesandt haben, je nachdem, welches der<\/h5>\n<h5>fr\u00fchere Zeitpunkt ist.<\/h5>\n<h5>Sie haben die Waren unverz\u00fcglich und in jedem Fall sp\u00e4testens binnen vierzehn Tagen ab dem<\/h5>\n<h5>Tag, an dem Sie uns \u00fcber den Widerruf dieses Vertrages unterrichten, an uns zur\u00fcckzusenden oder<\/h5>\n<h5>zu \u00fcbergeben. Die Frist ist gewahrt, wenn Sie die Waren vor Ablauf der Frist von vierzehn Tagen<\/h5>\n<h5>absenden.<\/h5>\n<h5>Sie tragen die unmittelbaren Kosten der R\u00fccksendung der Waren.<\/h5>\n<h5>Sie m\u00fcssen f\u00fcr einen etwaigen Wertverlust der Waren nur aufkommen, wenn dieser Wertverlust auf<\/h5>\n<h5>einen zur Pr\u00fcfung der Beschaffenheit, Eigenschaften und Funktionsweise der Waren nicht<\/h5>\n<h5>notwendigen Umgang mit ihnen zur\u00fcckzuf\u00fchren ist.<\/h5>\n<h5>(2) Das Widerrufsrecht besteht nicht bei Vertr\u00e4gen zur Lieferung von Ton- oder Videoaufnahmen oder<\/h5>\n<h5>Computersoftware in einer versiegelten Packung, wenn die Versiegelung nach der Lieferung entfernt<\/h5>\n<h5>wurde.<\/h5>\n<h5>(3) \u00dcber das Muster-Widerrufsformular informieren wir nach der gesetzlichen Regelung wie folgt:<\/h5>\n<h5>Muster-Widerrufsformular<\/h5>\n<h5>(Wenn Sie den Vertrag auf diesem Wege widerrufen wollen, dann f\u00fcllen Sie bitte dieses<\/h5>\n<h5>Formular aus und senden Sie es zur\u00fcck.)<\/h5>\n<h5>\u2014 An schrauben-locker, Inhaber Schotte Automotive GmbH, Im Sch\u00f6nen Winkel 4a, 47506 Neukirchen-Vluyn, Email:\u00a0 info@schrauben-locker.de<\/h5>\n<h5>\u2014 Hiermit widerrufe(n) ich\/wir (*) den von mir\/uns (*) abgeschlossenen Vertrag<\/h5>\n<h5>\u00fcber den Kauf der folgenden Waren (*)\/ die Erbringung der folgenden<\/h5>\n<h5>Dienstleistung (*)<\/h5>\n<h5>\u2014 Bestellt am (*)\/erhalten am (*)<\/h5>\n<h5>\u2014 Name des\/der Verbraucher(s)<\/h5>\n<h5>\u2014 Anschrift des\/der Verbraucher(s)<\/h5>\n<h5>\u2014 Unterschrift des\/der Verbraucher(s) (nur bei Mitteilung auf Papier)<\/h5>\n<h5>\u2014 Datum<\/h5>\n<h5>(*) Unzutreffendes streichen<\/h5>\n","protected":false},"excerpt":{"rendered":"<p>Widerrufsrecht (1) Verbraucher haben bei Abschluss eines Fernabsatzgesch\u00e4fts grunds\u00e4tzlich ein gesetzliches Widerrufsrecht, \u00fcber das der Anbieter nach Ma\u00dfgabe des gesetzlichen Musters nachfolgend informiert. Die Ausnahmen vom Widerrufsrecht sind in Absatz (2) geregelt. In Absatz (3) findet sich ein Muster-Widerrufsformular. Widerrufsbelehrung Widerrufsrecht Sie haben das Recht, binnen vierzehn Tagen ohne Angaben von Gr\u00fcnden diesen Vertrag zu widerrufen. Die Widerrufsfrist betr\u00e4gt vierzehn Tage ab dem Tag, an dem Sie oder ein von Ihnen benannter Dritter, der nicht Bef\u00f6rderer ist, die Waren in Besitz genommen haben bzw. hat. Um Ihr Widerrufsrecht auszu\u00fcben, m\u00fcssen Sie uns schrauben-locker, Inhaber Schotte Automotive Engineering GmbH, Im Sch\u00f6nen&hellip;<\/p>\n","protected":false},"author":1,"featured_media":0,"parent":0,"menu_order":0,"comment_status":"closed","ping_status":"closed","template":"","meta":{"_acf_changed":false,"footnotes":""},"class_list":["post-13","page","type-page","status-publish","hentry"],"acf":[],"_links":{"self":[{"href":"https:\/\/schrauben-locker.de\/index.php?rest_route=\/wp\/v2\/pages\/13","targetHints":{"allow":["GET"]}}],"collection":[{"href":"https:\/\/schrauben-locker.de\/index.php?rest_route=\/wp\/v2\/pages"}],"about":[{"href":"https:\/\/schrauben-locker.de\/index.php?rest_route=\/wp\/v2\/types\/page"}],"author":[{"embeddable":true,"href":"https:\/\/schrauben-locker.de\/index.php?rest_route=\/wp\/v2\/users\/1"}],"replies":[{"embeddable":true,"href":"https:\/\/schrauben-locker.de\/index.php?rest_route=%2Fwp%2Fv2%2Fcomments&post=13"}],"version-history":[{"count":2,"href":"https:\/\/schrauben-locker.de\/index.php?rest_route=\/wp\/v2\/pages\/13\/revisions"}],"predecessor-version":[{"id":360,"href":"https:\/\/schrauben-locker.de\/index.php?rest_route=\/wp\/v2\/pages\/13\/revisions\/360"}],"wp:attachment":[{"href":"https:\/\/schrauben-locker.de\/index.php?rest_route=%2Fwp%2Fv2%2Fmedia&parent=13"}],"curies":[{"name":"wp","href":"https:\/\/api.w.org\/{rel}","templated":true}]}}