{"id":38,"date":"2024-03-03T16:40:03","date_gmt":"2024-03-03T15:40:03","guid":{"rendered":"https:\/\/schrauben-locker.de\/?page_id=38"},"modified":"2024-10-10T07:38:19","modified_gmt":"2024-10-10T05:38:19","slug":"impressum","status":"publish","type":"page","link":"https:\/\/schrauben-locker.de\/?page_id=38","title":{"rendered":"Impressum"},"content":{"rendered":"<h5>Adresse:<\/h5>\n<h5>schrauben-locker<\/h5>\n<h5>Inh. Schotte Automotive Engineering GmbH<\/h5>\n<h5>Zum Kraftwerk 1<\/h5>\n<h5>45527 Hattingen<\/h5>\n<h5><\/h5>\n<h5>Telefon : 0177 3941179<\/h5>\n<h5>Email:\u00a0\u00a0\u00a0\u00a0 info@schrauben-locker.de<\/h5>\n<h5><\/h5>\n<h5>Ansprechpartner : Herr Gamon<\/h5>\n<h5><\/h5>\n<h5>Steueridentifikation:\u00a0 DE 287 443 404<\/h5>\n<h5>Zur au\u00dfergerichtlichen Beilegung von Streitigkeiten zwischen Verbrauchern und Unternehmen<br \/>\naus Online-Rechtsgesch\u00e4ften hat die Kommission im Internet eine europ\u00e4ische Plattform<br \/>\nzur Online-Streitbeilegung eingerichtet. Sie erreichen die Plattform unter dem Link:<\/h5>\n<h5><a href=\"https:\/\/ec.europa.eu\/consumers\/odr\/\">https:\/\/ec.europa.eu\/consumers\/odr\/<\/a><\/h5>\n<h5><em>\u00a0<\/em><\/h5>\n<h5>Wir sind nicht bereit, an Streitbeilegungsverfahren vor Verbraucherschlichtungsstellen teilzunehmen<\/h5>\n<h5>Lieferung erfolgt kostenlos innerhalb Deutschlands<\/h5>\n<h5><strong><u>! Wir versenden NICHT ins Ausland !<\/u><\/strong><\/h5>\n<h5><strong><u>! We do not ship to other countries!<\/u><\/strong><\/h5>\n<h5><strong>Bankverbindung<\/strong><br \/>\nBank\u00a0\u00a0\u00a0\u00a0 :\u00a0 National Bank Hattingen<br \/>\nIBAN\u00a0\u00a0\u00a0\u00a0 :\u00a0 DE22 3602 0030 0009 3714 94<br \/>\nBIC\u00a0\u00a0\u00a0\u00a0\u00a0\u00a0 :\u00a0 NBAGDE3E<br \/>\nInhaber :\u00a0 Schotte Automotive Engineering GmbH<\/h5>\n<p>&nbsp;<\/p>\n","protected":false},"excerpt":{"rendered":"<p>Adresse: schrauben-locker Inh. Schotte Automotive Engineering GmbH Zum Kraftwerk 1 45527 Hattingen Telefon : 0177 3941179 Email:\u00a0\u00a0\u00a0\u00a0 info@schrauben-locker.de Ansprechpartner : Herr Gamon Steueridentifikation:\u00a0 DE 287 443 404 Zur au\u00dfergerichtlichen Beilegung von Streitigkeiten zwischen Verbrauchern und Unternehmen aus Online-Rechtsgesch\u00e4ften hat die Kommission im Internet eine europ\u00e4ische Plattform zur Online-Streitbeilegung eingerichtet. Sie erreichen die Plattform unter dem Link: https:\/\/ec.europa.eu\/consumers\/odr\/ \u00a0 Wir sind nicht bereit, an Streitbeilegungsverfahren vor Verbraucherschlichtungsstellen teilzunehmen Lieferung erfolgt kostenlos innerhalb Deutschlands ! Wir versenden NICHT ins Ausland ! ! We do not ship to other countries! Bankverbindung Bank\u00a0\u00a0\u00a0\u00a0 :\u00a0 National Bank Hattingen IBAN\u00a0\u00a0\u00a0\u00a0 :\u00a0 DE22 3602 0030 0009 3714&hellip;<\/p>\n","protected":false},"author":1,"featured_media":0,"parent":0,"menu_order":0,"comment_status":"closed","ping_status":"closed","template":"","meta":{"_acf_changed":false,"footnotes":""},"class_list":["post-38","page","type-page","status-publish","hentry"],"acf":[],"_links":{"self":[{"href":"https:\/\/schrauben-locker.de\/index.php?rest_route=\/wp\/v2\/pages\/38","targetHints":{"allow":["GET"]}}],"collection":[{"href":"https:\/\/schrauben-locker.de\/index.php?rest_route=\/wp\/v2\/pages"}],"about":[{"href":"https:\/\/schrauben-locker.de\/index.php?rest_route=\/wp\/v2\/types\/page"}],"author":[{"embeddable":true,"href":"https:\/\/schrauben-locker.de\/index.php?rest_route=\/wp\/v2\/users\/1"}],"replies":[{"embeddable":true,"href":"https:\/\/schrauben-locker.de\/index.php?rest_route=%2Fwp%2Fv2%2Fcomments&post=38"}],"version-history":[{"count":3,"href":"https:\/\/schrauben-locker.de\/index.php?rest_route=\/wp\/v2\/pages\/38\/revisions"}],"predecessor-version":[{"id":359,"href":"https:\/\/schrauben-locker.de\/index.php?rest_route=\/wp\/v2\/pages\/38\/revisions\/359"}],"wp:attachment":[{"href":"https:\/\/schrauben-locker.de\/index.php?rest_route=%2Fwp%2Fv2%2Fmedia&parent=38"}],"curies":[{"name":"wp","href":"https:\/\/api.w.org\/{rel}","templated":true}]}}