{"id":472,"date":"2024-11-06T15:22:05","date_gmt":"2024-11-06T14:22:05","guid":{"rendered":"https:\/\/schrauben-locker.de\/?post_type=product&#038;p=472"},"modified":"2024-11-07T15:01:49","modified_gmt":"2024-11-07T14:01:49","slug":"schraube-mit-bund-m10x20-bis-m10x140-10-9-hochfest-zinklamelle","status":"publish","type":"product","link":"https:\/\/schrauben-locker.de\/?product=schraube-mit-bund-m10x20-bis-m10x140-10-9-hochfest-zinklamelle","title":{"rendered":"je 5 St\u00fcck Schrauben mit Bund M10x20 10.9 hochfest Zinklamelle"},"content":{"rendered":"<h3>je 5 St\u00fcck Bundschrauben DIN 6921 oder MBN 10105<\/h3>\n<h3>Gr\u00f6\u00dfe:\u00a0 <strong>M10x20\u00a0<\/strong><\/h3>\n<h3><strong>10.9 hochfest<\/strong>\u00a0, Oberfl\u00e4che : Zink-Lamelle ( Rostschutz )<\/h3>\n<h3>gemessen wird die L\u00e4nge Schaft unter dem Kopf ( Kopfh\u00f6he wird nicht gemessen )<\/h3>\n<h3>Gewinde M10 ( Normgewinde Steigung 1,5)<\/h3>\n<h3>Durchmesser Bund \u00d8 ca.22mm<\/h3>\n<h3>SW 16, Kopfh\u00f6he mit Bund : ca. 9mm<\/h3>\n<h3>Rostschutz ( Oberfl\u00e4che ) : <strong>Zinklamellen\u00a0<\/strong>\u00dcberzug<\/h3>\n<h3>nach Norm.: (Mercedes) DBL9440.40<\/h3>\n<ol>\n<li>\n<h3>720 h, keine Grundmetallkorrosion nach DIN EN ISO 9227 \u2013 NSS<\/h3>\n<\/li>\n<\/ol>\n<h3>Also viel besser als verzinkte Schraube.<\/h3>\n<h3>Reibwert:\u00a0\u03bc\u00a0ges\u00a0= 0,09 \u2013 0,14 (VDA 235 \u2013 101)<\/h3>\n","protected":false},"excerpt":{"rendered":"<p>je 5 St\u00fcck Bundschrauben DIN 6921 oder MBN 10105 Gr\u00f6\u00dfe:\u00a0 M10x20\u00a0 10.9 hochfest\u00a0, Oberfl\u00e4che : Zink-Lamelle ( Rostschutz ) gemessen wird die L\u00e4nge Schaft unter dem Kopf ( Kopfh\u00f6he wird nicht gemessen ) Gewinde M10 ( Normgewinde Steigung 1,5) Durchmesser Bund \u00d8 ca.22mm SW 16, Kopfh\u00f6he mit Bund : ca. 9mm Rostschutz ( Oberfl\u00e4che ) : Zinklamellen\u00a0\u00dcberzug nach Norm.: (Mercedes) DBL9440.40 720 h, keine Grundmetallkorrosion nach DIN EN ISO 9227 \u2013 NSS Also viel besser als verzinkte Schraube. Reibwert:\u00a0\u03bc\u00a0ges\u00a0= 0,09 \u2013 0,14 (VDA 235 \u2013 101)<\/p>\n","protected":false},"featured_media":473,"comment_status":"open","ping_status":"closed","template":"","meta":{"_acf_changed":false},"product_cat":[38],"product_tag":[],"class_list":{"0":"post-472","1":"product","2":"type-product","3":"status-publish","4":"has-post-thumbnail","6":"product_cat-m10-zinklamelle-locker","8":"first","9":"instock","10":"taxable","11":"shipping-taxable","12":"purchasable","13":"product-type-simple","14":"thumb-has-effect","15":"prod-rating-on"},"acf":[],"_links":{"self":[{"href":"https:\/\/schrauben-locker.de\/index.php?rest_route=\/wp\/v2\/product\/472","targetHints":{"allow":["GET"]}}],"collection":[{"href":"https:\/\/schrauben-locker.de\/index.php?rest_route=\/wp\/v2\/product"}],"about":[{"href":"https:\/\/schrauben-locker.de\/index.php?rest_route=\/wp\/v2\/types\/product"}],"replies":[{"embeddable":true,"href":"https:\/\/schrauben-locker.de\/index.php?rest_route=%2Fwp%2Fv2%2Fcomments&post=472"}],"wp:featuredmedia":[{"embeddable":true,"href":"https:\/\/schrauben-locker.de\/index.php?rest_route=\/wp\/v2\/media\/473"}],"wp:attachment":[{"href":"https:\/\/schrauben-locker.de\/index.php?rest_route=%2Fwp%2Fv2%2Fmedia&parent=472"}],"wp:term":[{"taxonomy":"product_cat","embeddable":true,"href":"https:\/\/schrauben-locker.de\/index.php?rest_route=%2Fwp%2Fv2%2Fproduct_cat&post=472"},{"taxonomy":"product_tag","embeddable":true,"href":"https:\/\/schrauben-locker.de\/index.php?rest_route=%2Fwp%2Fv2%2Fproduct_tag&post=472"}],"curies":[{"name":"wp","href":"https:\/\/api.w.org\/{rel}","templated":true}]}}